{"id":31,"date":"2020-04-13T11:18:52","date_gmt":"2020-04-13T11:18:52","guid":{"rendered":"http:\/\/reparacionesordenadores.cat\/wp\/about\/"},"modified":"2023-05-16T09:51:22","modified_gmt":"2023-05-16T09:51:22","slug":"about","status":"publish","type":"page","link":"https:\/\/qbinformatica.com\/ca\/about\/","title":{"rendered":"About"},"content":{"rendered":"<div data-elementor-type=\"wp-page\" data-elementor-id=\"31\" class=\"elementor elementor-31\">\n\t\t\t\t\t\t\t\t\t<section class=\"elementor-section elementor-top-section elementor-element elementor-element-5131a13e elementor-section-boxed elementor-section-height-default elementor-section-height-default\" data-id=\"5131a13e\" data-element_type=\"section\" data-settings=\"{&quot;background_background&quot;:&quot;classic&quot;}\">\n\t\t\t\t\t\t\t<div class=\"elementor-background-overlay\"><\/div>\n\t\t\t\t\t\t\t<div class=\"elementor-container elementor-column-gap-default\">\n\t\t\t\t\t<div class=\"elementor-column elementor-col-100 elementor-top-column elementor-element elementor-element-1053ca7a\" data-id=\"1053ca7a\" data-element_type=\"column\">\n\t\t\t<div class=\"elementor-widget-wrap elementor-element-populated\">\n\t\t\t\t\t\t\t\t<div class=\"elementor-element elementor-element-3d99e122 elementor-widget elementor-widget-heading\" data-id=\"3d99e122\" data-element_type=\"widget\" data-widget_type=\"heading.default\">\n\t\t\t\t<div class=\"elementor-widget-container\">\n\t\t\t<style>\/*! elementor - v3.6.4 - 13-04-2022 *\/\n.elementor-heading-title{padding:0;margin:0;line-height:1}.elementor-widget-heading .elementor-heading-title[class*=elementor-size-]>a{color:inherit;font-size:inherit;line-height:inherit}.elementor-widget-heading .elementor-heading-title.elementor-size-small{font-size:15px}.elementor-widget-heading .elementor-heading-title.elementor-size-medium{font-size:19px}.elementor-widget-heading .elementor-heading-title.elementor-size-large{font-size:29px}.elementor-widget-heading .elementor-heading-title.elementor-size-xl{font-size:39px}.elementor-widget-heading .elementor-heading-title.elementor-size-xxl{font-size:59px}<\/style><h1 class=\"elementor-heading-title elementor-size-default\">Sobre Nosaltres<\/h1>\t\t<\/div>\n\t\t\t\t<\/div>\n\t\t\t\t\t<\/div>\n\t\t<\/div>\n\t\t\t\t\t\t\t<\/div>\n\t\t<\/section>\n\t\t\t\t<section class=\"elementor-section elementor-top-section elementor-element elementor-element-40177ae0 elementor-section-boxed elementor-section-height-default elementor-section-height-default\" data-id=\"40177ae0\" data-element_type=\"section\">\n\t\t\t\t\t\t<div class=\"elementor-container elementor-column-gap-no\">\n\t\t\t\t\t<div class=\"elementor-column elementor-col-50 elementor-top-column elementor-element elementor-element-2828f573\" data-id=\"2828f573\" data-element_type=\"column\">\n\t\t\t<div class=\"elementor-widget-wrap elementor-element-populated\">\n\t\t\t\t\t\t\t\t<div class=\"elementor-element elementor-element-68afc23b elementor-widget elementor-widget-heading\" data-id=\"68afc23b\" data-element_type=\"widget\" data-widget_type=\"heading.default\">\n\t\t\t\t<div class=\"elementor-widget-container\">\n\t\t\t<h1 class=\"elementor-heading-title elementor-size-large\">QB INFORM\u00c0TICA<\/h1>\t\t<\/div>\n\t\t\t\t<\/div>\n\t\t\t\t<div class=\"elementor-element elementor-element-248c4cc elementor-widget elementor-widget-image\" data-id=\"248c4cc\" data-element_type=\"widget\" data-widget_type=\"image.default\">\n\t\t\t\t<div class=\"elementor-widget-container\">\n\t\t\t<style>\/*! elementor - v3.6.4 - 13-04-2022 *\/\n.elementor-widget-image{text-align:center}.elementor-widget-image a{display:inline-block}.elementor-widget-image a img[src$=\".svg\"]{width:48px}.elementor-widget-image img{vertical-align:middle;display:inline-block}<\/style>\t\t\t\t\t\t\t\t\t\t\t\t<img loading=\"lazy\" decoding=\"async\" width=\"768\" height=\"269\" src=\"https:\/\/qbinformatica.com\/wp-content\/uploads\/2022\/06\/pexels-manuel-geissinger-325229-768x269.jpg\" class=\"attachment-medium_large size-medium_large\" alt=\"\" srcset=\"https:\/\/qbinformatica.com\/wp-content\/uploads\/2022\/06\/pexels-manuel-geissinger-325229-768x269.jpg 768w, https:\/\/qbinformatica.com\/wp-content\/uploads\/2022\/06\/pexels-manuel-geissinger-325229-300x105.jpg 300w, https:\/\/qbinformatica.com\/wp-content\/uploads\/2022\/06\/pexels-manuel-geissinger-325229-1024x358.jpg 1024w, https:\/\/qbinformatica.com\/wp-content\/uploads\/2022\/06\/pexels-manuel-geissinger-325229-1536x538.jpg 1536w, https:\/\/qbinformatica.com\/wp-content\/uploads\/2022\/06\/pexels-manuel-geissinger-325229-2048x717.jpg 2048w\" sizes=\"auto, (max-width: 768px) 100vw, 768px\" \/>\t\t\t\t\t\t\t\t\t\t\t\t\t\t\t<\/div>\n\t\t\t\t<\/div>\n\t\t\t\t<div class=\"elementor-element elementor-element-ee55278 elementor-widget elementor-widget-image\" data-id=\"ee55278\" data-element_type=\"widget\" data-widget_type=\"image.default\">\n\t\t\t\t<div class=\"elementor-widget-container\">\n\t\t\t\t\t\t\t\t\t\t\t\t\t\t\t<img loading=\"lazy\" decoding=\"async\" width=\"681\" height=\"1024\" src=\"https:\/\/qbinformatica.com\/wp-content\/uploads\/2022\/06\/pexels-brett-sayles-5203849-681x1024.jpg\" class=\"attachment-large size-large\" alt=\"\" srcset=\"https:\/\/qbinformatica.com\/wp-content\/uploads\/2022\/06\/pexels-brett-sayles-5203849-681x1024.jpg 681w, https:\/\/qbinformatica.com\/wp-content\/uploads\/2022\/06\/pexels-brett-sayles-5203849-200x300.jpg 200w, https:\/\/qbinformatica.com\/wp-content\/uploads\/2022\/06\/pexels-brett-sayles-5203849-768x1154.jpg 768w, https:\/\/qbinformatica.com\/wp-content\/uploads\/2022\/06\/pexels-brett-sayles-5203849-1022x1536.jpg 1022w, https:\/\/qbinformatica.com\/wp-content\/uploads\/2022\/06\/pexels-brett-sayles-5203849-1363x2048.jpg 1363w, https:\/\/qbinformatica.com\/wp-content\/uploads\/2022\/06\/pexels-brett-sayles-5203849-scaled.jpg 1703w\" sizes=\"auto, (max-width: 681px) 100vw, 681px\" \/>\t\t\t\t\t\t\t\t\t\t\t\t\t\t\t<\/div>\n\t\t\t\t<\/div>\n\t\t\t\t\t<\/div>\n\t\t<\/div>\n\t\t\t\t<div class=\"elementor-column elementor-col-50 elementor-top-column elementor-element elementor-element-48096891\" data-id=\"48096891\" data-element_type=\"column\">\n\t\t\t<div class=\"elementor-widget-wrap elementor-element-populated\">\n\t\t\t\t\t\t\t\t<div class=\"elementor-element elementor-element-44ce5982 elementor-widget elementor-widget-text-editor\" data-id=\"44ce5982\" data-element_type=\"widget\" data-widget_type=\"text-editor.default\">\n\t\t\t\t<div class=\"elementor-widget-container\">\n\t\t\t<style>\/*! elementor - v3.6.4 - 13-04-2022 *\/\n.elementor-widget-text-editor.elementor-drop-cap-view-stacked .elementor-drop-cap{background-color:#818a91;color:#fff}.elementor-widget-text-editor.elementor-drop-cap-view-framed .elementor-drop-cap{color:#818a91;border:3px solid;background-color:transparent}.elementor-widget-text-editor:not(.elementor-drop-cap-view-default) .elementor-drop-cap{margin-top:8px}.elementor-widget-text-editor:not(.elementor-drop-cap-view-default) .elementor-drop-cap-letter{width:1em;height:1em}.elementor-widget-text-editor .elementor-drop-cap{float:left;text-align:center;line-height:1;font-size:50px}.elementor-widget-text-editor .elementor-drop-cap-letter{display:inline-block}<\/style>\t\t\t\t<p class=\" translation-block\"><strong>Sobre nosaltres<\/strong>, coneix-nos m\u00e9s. Si encara tens dubtes, aqu\u00ed aprendr\u00e0s molt m\u00e9s sobre nosaltres.<br>A m\u00e9s, pots preguntar a qualsevol dels nostres clients, ells sabran dir-te com els ajudem cada dia a augmentar la competitivitat del seu negoci.<br><a href=\"http:\/\/www.qbinformatica.net\/\" target=\"_self\">*QB *inform\u00e0tica<\/a>\u00a0\u00e9s una empresa amb\u00a0<strong>25 anys d'experi\u00e8ncia<\/strong>\u00a0en el sector inform\u00e0tic. Formant part d'un grup\u00a0<strong>*Top 10 a nivell nacional<\/strong>. Per volum de vendes i un dels m\u00e9s prestigiosos i reconeguts per la seva clara orientaci\u00f3 a la satisfacci\u00f3 del client. A m\u00e9s del seu comprom\u00eds a oferir sempre una resposta r\u00e0pida i professional.<br>Centrem\u00a0<a href=\"http:\/\/www.reparacionsordinadors.cat\/servicios\/\" target=\"_self\">la nostra activitat<\/a>\u00a0en el sector de les petites i mitjanes empreses i molt especialment en l'entorn educatiu, oferint\u00a0<a href=\"http:\/\/www.reparacionsordinadors.cat\/servicios\/\" target=\"_self\">serveis<\/a>\u00a0i solucions globals des de l'especialitzaci\u00f3 inform\u00e0tica.<\/p>\t\t\t\t\t\t<\/div>\n\t\t\t\t<\/div>\n\t\t\t\t<div class=\"elementor-element elementor-element-e56ab06 elementor-widget elementor-widget-text-editor\" data-id=\"e56ab06\" data-element_type=\"widget\" data-widget_type=\"text-editor.default\">\n\t\t\t\t<div class=\"elementor-widget-container\">\n\t\t\t\t\t\t\t<p class=\" translation-block\">El nostre grup \u00e9s Distribu\u00efdor Certificat de les principals marques internacionals a tots els sectors inform\u00e0tics, TIC i de comunicaci\u00f3. Alguns exemples s\u00f3n DELL, Apple, Toshiba,\u00a0<a href=\"http:\/\/www.reparacionsordinadors.cat\/servicios\/reparar-ordenador-acer\/\" target=\"_self\">ACER<\/a>, Microsoft, Sony, D -Link, HP, Intel. A nivell educatiu, destaquen representades com Promethean, SmartBoard, Epson, Vision, Nobo.<\/p>\t\t\t\t\t\t<\/div>\n\t\t\t\t<\/div>\n\t\t\t\t<div class=\"elementor-element elementor-element-41a203d elementor-widget elementor-widget-text-editor\" data-id=\"41a203d\" data-element_type=\"widget\" data-widget_type=\"text-editor.default\">\n\t\t\t\t<div class=\"elementor-widget-container\">\n\t\t\t\t\t\t\t<p class=\" translation-block\">La nostra empresa est\u00e0 formada per un\u00a0<strong>equip hum\u00e0<\/strong>\u00a0que treballa conjuntament. Cadascun de nosaltres t\u00e9 una\u00a0<strong>especialitat<\/strong>. Despr\u00e9s de fer el\u00a0<a href=\"http:\/\/www.reparacionsordinadors.cat\/servicios\/\" target=\"_self\">diagn\u00f2stic<\/a>, el treball \u00e9s dividit per a\u00a0<strong>aprofitar el temps<\/strong>\u00a0al m\u00e0xim. A m\u00e9s de les habilitats i capacitats de cadascun de nosaltres.<br>D'aquesta manera, els clients poden tornar a usar el seu ordinador en poc temps. Per exemple, la nostra mitjana en reparaci\u00f3 d'ordinadors \u00e9s\u00a0<strong>inferior a *48h<\/strong>. Aix\u00ed, en menys de dos dies els clients ja tornen a gaudir o treballar amb el seu ordinador.<br>Treballar amb el\u00a0<strong>millor material<\/strong>\u00a0ens permet allargar el funcionament de l'ordinador. D'aquesta manera\u00a0<strong>prevenim possibles recaigudes<\/strong>. Per aix\u00f2, els ordinadors arreglats per la nostra empresa mai s\u00f3n arreglats dues vegades pel mateix problema.<\/p>\t\t\t\t\t\t<\/div>\n\t\t\t\t<\/div>\n\t\t\t\t\t<\/div>\n\t\t<\/div>\n\t\t\t\t\t\t\t<\/div>\n\t\t<\/section>\n\t\t\t\t<section class=\"elementor-section elementor-top-section elementor-element elementor-element-88095be elementor-section-boxed elementor-section-height-default elementor-section-height-default\" data-id=\"88095be\" data-element_type=\"section\" data-settings=\"{&quot;background_background&quot;:&quot;classic&quot;}\">\n\t\t\t\t\t\t<div class=\"elementor-container elementor-column-gap-no\">\n\t\t\t\t\t<div class=\"elementor-column elementor-col-33 elementor-top-column elementor-element elementor-element-b59566c\" data-id=\"b59566c\" data-element_type=\"column\">\n\t\t\t<div class=\"elementor-widget-wrap elementor-element-populated\">\n\t\t\t\t\t\t\t\t<div class=\"elementor-element elementor-element-b292dd2 elementor-position-top elementor-vertical-align-top elementor-widget elementor-widget-image-box\" data-id=\"b292dd2\" data-element_type=\"widget\" data-widget_type=\"image-box.default\">\n\t\t\t\t<div class=\"elementor-widget-container\">\n\t\t\t<style>\/*! elementor - v3.6.4 - 13-04-2022 *\/\n.elementor-widget-image-box .elementor-image-box-content{width:100%}@media (min-width:768px){.elementor-widget-image-box.elementor-position-left .elementor-image-box-wrapper,.elementor-widget-image-box.elementor-position-right .elementor-image-box-wrapper{display:-webkit-box;display:-ms-flexbox;display:flex}.elementor-widget-image-box.elementor-position-right .elementor-image-box-wrapper{text-align:right;-webkit-box-orient:horizontal;-webkit-box-direction:reverse;-ms-flex-direction:row-reverse;flex-direction:row-reverse}.elementor-widget-image-box.elementor-position-left .elementor-image-box-wrapper{text-align:left;-webkit-box-orient:horizontal;-webkit-box-direction:normal;-ms-flex-direction:row;flex-direction:row}.elementor-widget-image-box.elementor-position-top .elementor-image-box-img{margin:auto}.elementor-widget-image-box.elementor-vertical-align-top .elementor-image-box-wrapper{-webkit-box-align:start;-ms-flex-align:start;align-items:flex-start}.elementor-widget-image-box.elementor-vertical-align-middle .elementor-image-box-wrapper{-webkit-box-align:center;-ms-flex-align:center;align-items:center}.elementor-widget-image-box.elementor-vertical-align-bottom .elementor-image-box-wrapper{-webkit-box-align:end;-ms-flex-align:end;align-items:flex-end}}@media (max-width:767px){.elementor-widget-image-box .elementor-image-box-img{margin-left:auto!important;margin-right:auto!important;margin-bottom:15px}}.elementor-widget-image-box .elementor-image-box-img{display:inline-block}.elementor-widget-image-box .elementor-image-box-title a{color:inherit}.elementor-widget-image-box .elementor-image-box-wrapper{text-align:center}.elementor-widget-image-box .elementor-image-box-description{margin:0}<\/style><div class=\"elementor-image-box-wrapper\"><div class=\"elementor-image-box-content\"><h1 class=\"elementor-image-box-title\">Experi\u00e8ncia<\/h1><p class=\"elementor-image-box-description\">\nM\u00e9s de 20 anys d'experi\u00e8ncia reparant tota mena d'ordinadors<\/p><\/div><\/div>\t\t<\/div>\n\t\t\t\t<\/div>\n\t\t\t\t\t<\/div>\n\t\t<\/div>\n\t\t\t\t<div class=\"elementor-column elementor-col-33 elementor-top-column elementor-element elementor-element-bca9a20\" data-id=\"bca9a20\" data-element_type=\"column\">\n\t\t\t<div class=\"elementor-widget-wrap elementor-element-populated\">\n\t\t\t\t\t\t\t\t<div class=\"elementor-element elementor-element-b0e23ae elementor-position-top elementor-vertical-align-top elementor-widget elementor-widget-image-box\" data-id=\"b0e23ae\" data-element_type=\"widget\" data-widget_type=\"image-box.default\">\n\t\t\t\t<div class=\"elementor-widget-container\">\n\t\t\t<div class=\"elementor-image-box-wrapper\"><div class=\"elementor-image-box-content\"><h1 class=\"elementor-image-box-title\">R\u00e0pid<\/h1><p class=\"elementor-image-box-description\">\nReparaci\u00f3 d'ordinadors en menys de 48 hores (temps mitj\u00e0)<\/p><\/div><\/div>\t\t<\/div>\n\t\t\t\t<\/div>\n\t\t\t\t\t<\/div>\n\t\t<\/div>\n\t\t\t\t<div class=\"elementor-column elementor-col-33 elementor-top-column elementor-element elementor-element-6b0d72f\" data-id=\"6b0d72f\" data-element_type=\"column\">\n\t\t\t<div class=\"elementor-widget-wrap elementor-element-populated\">\n\t\t\t\t\t\t\t\t<div class=\"elementor-element elementor-element-30cd69e elementor-widget elementor-widget-heading\" data-id=\"30cd69e\" data-element_type=\"widget\" data-widget_type=\"heading.default\">\n\t\t\t\t<div class=\"elementor-widget-container\">\n\t\t\t<h1 class=\"elementor-heading-title elementor-size-default\">Marketing<\/h1>\t\t<\/div>\n\t\t\t\t<\/div>\n\t\t\t\t<div class=\"elementor-element elementor-element-9f92279 elementor-icon-list--layout-traditional elementor-list-item-link-full_width elementor-widget elementor-widget-icon-list\" data-id=\"9f92279\" data-element_type=\"widget\" data-widget_type=\"icon-list.default\">\n\t\t\t\t<div class=\"elementor-widget-container\">\n\t\t\t<link rel=\"stylesheet\" href=\"https:\/\/qbinformatica.com\/wp-content\/plugins\/elementor\/assets\/css\/widget-icon-list.min.css\">\t\t<ul class=\"elementor-icon-list-items\">\n\t\t\t\t\t\t\t<li class=\"elementor-icon-list-item\">\n\t\t\t\t\t\t\t\t\t\t\t<span class=\"elementor-icon-list-icon\">\n\t\t\t\t\t\t\t<i aria-hidden=\"true\" class=\"fas fa-caret-right\"><\/i>\t\t\t\t\t\t<\/span>\n\t\t\t\t\t\t\t\t\t\t<span class=\"elementor-icon-list-text\">\u00b7   P\u00e0gines WEB, Domini, Hosting<\/span>\n\t\t\t\t\t\t\t\t\t<\/li>\n\t\t\t\t\t\t\t\t<li class=\"elementor-icon-list-item\">\n\t\t\t\t\t\t\t\t\t\t\t<span class=\"elementor-icon-list-icon\">\n\t\t\t\t\t\t\t<i aria-hidden=\"true\" class=\"fas fa-caret-right\"><\/i>\t\t\t\t\t\t<\/span>\n\t\t\t\t\t\t\t\t\t\t<span class=\"elementor-icon-list-text\">\u00b7         Xarxes Socials<\/span>\n\t\t\t\t\t\t\t\t\t<\/li>\n\t\t\t\t\t\t\t\t<li class=\"elementor-icon-list-item\">\n\t\t\t\t\t\t\t\t\t\t\t<span class=\"elementor-icon-list-icon\">\n\t\t\t\t\t\t\t<i aria-hidden=\"true\" class=\"fas fa-caret-right\"><\/i>\t\t\t\t\t\t<\/span>\n\t\t\t\t\t\t\t\t\t\t<span class=\"elementor-icon-list-text\">\u00b7         Servidors Cloud<\/span>\n\t\t\t\t\t\t\t\t\t<\/li>\n\t\t\t\t\t\t<\/ul>\n\t\t\t\t<\/div>\n\t\t\t\t<\/div>\n\t\t\t\t\t<\/div>\n\t\t<\/div>\n\t\t\t\t\t\t\t<\/div>\n\t\t<\/section>\n\t\t\t\t\t\t\t<\/div>","protected":false},"excerpt":{"rendered":"<p>Acerca de Nosotros QB INFORMATICA Sobre nosotros, con\u00f3cenos m\u00e1s. Si todav\u00eda tienes dudas, aqu\u00ed aprender\u00e1s mucho m\u00e1s sobre nosotros.Adem\u00e1s, puedes preguntar a cualquiera de nuestros clientes, ellos sabr\u00e1n decirte c\u00f3mo les ayudamos cada d\u00eda a aumentar la competitividad de su negocio.QB inform\u00e0tica\u00a0es una empresa con\u00a025 a\u00f1os de experiencia\u00a0en el sector inform\u00e1tico. Formando parte de un &hellip;<\/p>\n<p class=\"read-more\"> <a class=\"\" href=\"https:\/\/qbinformatica.com\/ca\/about\/\"> <span class=\"screen-reader-text\">About<\/span> Llegeix m\u00e9s &raquo;<\/a><\/p>","protected":false},"author":1,"featured_media":0,"parent":0,"menu_order":0,"comment_status":"closed","ping_status":"closed","template":"","meta":{"site-sidebar-layout":"no-sidebar","site-content-layout":"page-builder","ast-main-header-display":"","ast-hfb-above-header-display":"","ast-hfb-below-header-display":"","ast-hfb-mobile-header-display":"","site-post-title":"disabled","ast-breadcrumbs-content":"","ast-featured-img":"","footer-sml-layout":"","theme-transparent-header-meta":"enabled","adv-header-id-meta":"","stick-header-meta":"","header-above-stick-meta":"","header-main-stick-meta":"","header-below-stick-meta":"","footnotes":""},"class_list":["post-31","page","type-page","status-publish","hentry"],"_links":{"self":[{"href":"https:\/\/qbinformatica.com\/ca\/wp-json\/wp\/v2\/pages\/31","targetHints":{"allow":["GET"]}}],"collection":[{"href":"https:\/\/qbinformatica.com\/ca\/wp-json\/wp\/v2\/pages"}],"about":[{"href":"https:\/\/qbinformatica.com\/ca\/wp-json\/wp\/v2\/types\/page"}],"author":[{"embeddable":true,"href":"https:\/\/qbinformatica.com\/ca\/wp-json\/wp\/v2\/users\/1"}],"replies":[{"embeddable":true,"href":"https:\/\/qbinformatica.com\/ca\/wp-json\/wp\/v2\/comments?post=31"}],"version-history":[{"count":59,"href":"https:\/\/qbinformatica.com\/ca\/wp-json\/wp\/v2\/pages\/31\/revisions"}],"predecessor-version":[{"id":1316,"href":"https:\/\/qbinformatica.com\/ca\/wp-json\/wp\/v2\/pages\/31\/revisions\/1316"}],"wp:attachment":[{"href":"https:\/\/qbinformatica.com\/ca\/wp-json\/wp\/v2\/media?parent=31"}],"curies":[{"name":"wp","href":"https:\/\/api.w.org\/{rel}","templated":true}]}}