{"id":1596,"date":"2024-01-05T12:03:18","date_gmt":"2024-01-05T12:03:18","guid":{"rendered":"https:\/\/qbinformatica.com\/?page_id=1596"},"modified":"2024-05-16T15:34:30","modified_gmt":"2024-05-16T15:34:30","slug":"politica-de-privacidad","status":"publish","type":"page","link":"https:\/\/qbinformatica.com\/ca\/politica-de-privacidad\/","title":{"rendered":"politica de privacidad"},"content":{"rendered":"<p>La visita a este sitio web no supone que la persona interesada est\u00e9 obligada a facilitar sus datos personales.&nbsp;<\/p>\n<p>En caso de que la persona interesada facilite datos de car\u00e1cter personal (\u201cDatos\u201d), los datos ser\u00e1n tratados de forma leal y l\u00edcita, respetando en todo momento los principios y derechos recogidos en el Reglamento (UE) 2016\/679 del Parlamento y del Consejo de 27 de abril de 2016 relativo a la protecci\u00f3n de las personas f\u00edsicas en lo que respecta al tratamiento de datos personales y a la libre circulaci\u00f3n de estos datos (\u201cRGPD\u201d) y dem\u00e1s normativa nacional aplicable.<\/p>\n<h2 style=\"box-sizing: inherit; -webkit-tap-highlight-color: transparent; margin: 1.5rem auto 0.5rem; font-size: 1.5rem; line-height: 1.1; color: rgb(68, 68, 68); font-family: &quot;Open Sans&quot;, open-sans, sans-serif; font-style: normal; text-transform: none; background-color: rgb(255, 255, 255);\">Responsable del Tratamiento&nbsp;<\/h2>\n<p style=\"box-sizing: inherit; -webkit-tap-highlight-color: transparent; margin-bottom: 1rem; margin-block: 1em; color: rgb(51, 51, 51); font-family: &quot;Open Sans&quot;, open-sans, sans-serif; font-size: 14px; font-style: normal; font-weight: 400; background-color: rgb(255, 255, 255);\">Jorge Maria Herero (en adelante, \u201cqb informatica\u201d).&nbsp;<\/p>\n<p style=\"box-sizing: inherit; -webkit-tap-highlight-color: transparent; margin-bottom: 1rem; margin-block: 1em; color: rgb(51, 51, 51); font-family: &quot;Open Sans&quot;, open-sans, sans-serif; font-size: 14px; font-style: normal; font-weight: 400; background-color: rgb(255, 255, 255);\">Direcci\u00f3n: C\/ Anselm Clav\u00e9 55 &#8211; Lli\u00e7\u00e0 d&#8217;Amunt, 08186 Barcelona, Espa\u00f1a. &nbsp;<\/p>\n<p style=\"box-sizing: inherit; -webkit-tap-highlight-color: transparent; margin-bottom: 1rem; margin-block: 1em; color: rgb(51, 51, 51); font-family: &quot;Open Sans&quot;, open-sans, sans-serif; font-size: 14px; font-style: normal; font-weight: 400; background-color: rgb(255, 255, 255);\">E-mail: administracio@qbinformatica.com&nbsp;<\/p>\n<p style=\"box-sizing: inherit; -webkit-tap-highlight-color: transparent; margin-bottom: 1rem; margin-block: 1em; color: rgb(51, 51, 51); font-family: &quot;Open Sans&quot;, open-sans, sans-serif; font-size: 14px; font-style: normal; font-weight: 400; background-color: rgb(255, 255, 255);\"><\/p>","protected":false},"excerpt":{"rendered":"<p>La visita a este sitio web no supone que la persona interesada est\u00e9 obligada a facilitar sus datos personales.&nbsp; En caso de que la persona interesada facilite datos de car\u00e1cter personal (\u201cDatos\u201d), los datos ser\u00e1n tratados de forma leal y l\u00edcita, respetando en todo momento los principios y derechos recogidos en el Reglamento (UE) 2016\/679 &hellip;<\/p>\n<p class=\"read-more\"> <a class=\"\" href=\"https:\/\/qbinformatica.com\/ca\/politica-de-privacidad\/\"> <span class=\"screen-reader-text\">politica de privacidad<\/span> Llegeix m\u00e9s &raquo;<\/a><\/p>","protected":false},"author":3,"featured_media":0,"parent":0,"menu_order":0,"comment_status":"closed","ping_status":"closed","template":"","meta":{"site-sidebar-layout":"no-sidebar","site-content-layout":"page-builder","ast-main-header-display":"","ast-hfb-above-header-display":"","ast-hfb-below-header-display":"","ast-hfb-mobile-header-display":"","site-post-title":"disabled","ast-breadcrumbs-content":"","ast-featured-img":"disabled","footer-sml-layout":"","theme-transparent-header-meta":"","adv-header-id-meta":"","stick-header-meta":"","header-above-stick-meta":"","header-main-stick-meta":"","header-below-stick-meta":"","footnotes":""},"class_list":["post-1596","page","type-page","status-publish","hentry"],"_links":{"self":[{"href":"https:\/\/qbinformatica.com\/ca\/wp-json\/wp\/v2\/pages\/1596","targetHints":{"allow":["GET"]}}],"collection":[{"href":"https:\/\/qbinformatica.com\/ca\/wp-json\/wp\/v2\/pages"}],"about":[{"href":"https:\/\/qbinformatica.com\/ca\/wp-json\/wp\/v2\/types\/page"}],"author":[{"embeddable":true,"href":"https:\/\/qbinformatica.com\/ca\/wp-json\/wp\/v2\/users\/3"}],"replies":[{"embeddable":true,"href":"https:\/\/qbinformatica.com\/ca\/wp-json\/wp\/v2\/comments?post=1596"}],"version-history":[{"count":7,"href":"https:\/\/qbinformatica.com\/ca\/wp-json\/wp\/v2\/pages\/1596\/revisions"}],"predecessor-version":[{"id":1618,"href":"https:\/\/qbinformatica.com\/ca\/wp-json\/wp\/v2\/pages\/1596\/revisions\/1618"}],"wp:attachment":[{"href":"https:\/\/qbinformatica.com\/ca\/wp-json\/wp\/v2\/media?parent=1596"}],"curies":[{"name":"wp","href":"https:\/\/api.w.org\/{rel}","templated":true}]}}