{"id":1127,"date":"2022-12-12T09:05:30","date_gmt":"2022-12-12T09:05:30","guid":{"rendered":"https:\/\/qbinformatica.com\/?page_id=1127"},"modified":"2023-07-12T15:05:33","modified_gmt":"2023-07-12T15:05:33","slug":"blog","status":"publish","type":"page","link":"https:\/\/qbinformatica.com\/ca\/blog\/","title":{"rendered":"El Nostre Blog"},"content":{"rendered":"<div data-elementor-type=\"wp-page\" data-elementor-id=\"1127\" class=\"elementor elementor-1127\">\n\t\t\t\t\t\t\t\t\t<section class=\"elementor-section elementor-top-section elementor-element elementor-element-7cdcffd elementor-section-boxed elementor-section-height-default elementor-section-height-default\" data-id=\"7cdcffd\" data-element_type=\"section\" data-settings=\"{&quot;background_background&quot;:&quot;classic&quot;,&quot;animation&quot;:&quot;none&quot;}\">\n\t\t\t\t\t\t\t<div class=\"elementor-background-overlay\"><\/div>\n\t\t\t\t\t\t\t<div class=\"elementor-container elementor-column-gap-default\">\n\t\t\t\t\t<div class=\"elementor-column elementor-col-100 elementor-top-column elementor-element elementor-element-04bd199\" data-id=\"04bd199\" data-element_type=\"column\">\n\t\t\t<div class=\"elementor-widget-wrap elementor-element-populated\">\n\t\t\t\t\t\t\t\t<div class=\"elementor-element elementor-element-8145130 elementor-widget elementor-widget-heading\" data-id=\"8145130\" data-element_type=\"widget\" data-widget_type=\"heading.default\">\n\t\t\t\t<div class=\"elementor-widget-container\">\n\t\t\t<style>\/*! elementor - v3.6.4 - 13-04-2022 *\/\n.elementor-heading-title{padding:0;margin:0;line-height:1}.elementor-widget-heading .elementor-heading-title[class*=elementor-size-]>a{color:inherit;font-size:inherit;line-height:inherit}.elementor-widget-heading .elementor-heading-title.elementor-size-small{font-size:15px}.elementor-widget-heading .elementor-heading-title.elementor-size-medium{font-size:19px}.elementor-widget-heading .elementor-heading-title.elementor-size-large{font-size:29px}.elementor-widget-heading .elementor-heading-title.elementor-size-xl{font-size:39px}.elementor-widget-heading .elementor-heading-title.elementor-size-xxl{font-size:59px}<\/style><h1 class=\"elementor-heading-title elementor-size-default\">El Nostre Blog<\/h1>\t\t<\/div>\n\t\t\t\t<\/div>\n\t\t\t\t\t<\/div>\n\t\t<\/div>\n\t\t\t\t\t\t\t<\/div>\n\t\t<\/section>\n\t\t\t\t<section class=\"elementor-section elementor-top-section elementor-element elementor-element-d130caa elementor-section-boxed elementor-section-height-default elementor-section-height-default\" data-id=\"d130caa\" data-element_type=\"section\">\n\t\t\t\t\t\t<div class=\"elementor-container elementor-column-gap-default\">\n\t\t\t\t\t<div class=\"elementor-column elementor-col-25 elementor-top-column elementor-element elementor-element-85b7ca3\" data-id=\"85b7ca3\" data-element_type=\"column\">\n\t\t\t<div class=\"elementor-widget-wrap elementor-element-populated\">\n\t\t\t\t\t\t\t\t<div class=\"elementor-element elementor-element-9178be8 elementor-widget elementor-widget-heading\" data-id=\"9178be8\" data-element_type=\"widget\" data-widget_type=\"heading.default\">\n\t\t\t\t<div class=\"elementor-widget-container\">\n\t\t\t<h4 class=\"elementor-heading-title elementor-size-default\"><a href=\"https:\/\/qbinformatica.com\/ca\/2023\/02\/07\/por-que-comprar-un-mac-si-te-lo-podemos-reparar\/\">\u00bfPor qu\u00e9 comprar un MAC si te lo podemos reparar?<\/a><\/h4>\t\t<\/div>\n\t\t\t\t<\/div>\n\t\t\t\t<div class=\"elementor-element elementor-element-175c29e elementor-widget elementor-widget-image\" data-id=\"175c29e\" data-element_type=\"widget\" data-widget_type=\"image.default\">\n\t\t\t\t<div class=\"elementor-widget-container\">\n\t\t\t<style>\/*! elementor - v3.6.4 - 13-04-2022 *\/\n.elementor-widget-image{text-align:center}.elementor-widget-image a{display:inline-block}.elementor-widget-image a img[src$=\".svg\"]{width:48px}.elementor-widget-image img{vertical-align:middle;display:inline-block}<\/style>\t\t\t\t\t\t\t\t\t\t\t\t\t<a href=\"https:\/\/qbinformatica.com\/ca\/2023\/02\/07\/por-que-comprar-un-mac-si-te-lo-podemos-reparar\/\">\n\t\t\t\t\t\t\t<img loading=\"lazy\" decoding=\"async\" width=\"1000\" height=\"600\" src=\"https:\/\/qbinformatica.com\/wp-content\/uploads\/2023\/02\/Por-que-comprar-un-MAC-si-te-lo-podemos-reparar-Para-QB-Informatica.jpg\" class=\"attachment-large size-large\" alt=\"\" srcset=\"https:\/\/qbinformatica.com\/wp-content\/uploads\/2023\/02\/Por-que-comprar-un-MAC-si-te-lo-podemos-reparar-Para-QB-Informatica.jpg 1000w, https:\/\/qbinformatica.com\/wp-content\/uploads\/2023\/02\/Por-que-comprar-un-MAC-si-te-lo-podemos-reparar-Para-QB-Informatica-300x180.jpg 300w, https:\/\/qbinformatica.com\/wp-content\/uploads\/2023\/02\/Por-que-comprar-un-MAC-si-te-lo-podemos-reparar-Para-QB-Informatica-768x461.jpg 768w, https:\/\/qbinformatica.com\/wp-content\/uploads\/2023\/02\/Por-que-comprar-un-MAC-si-te-lo-podemos-reparar-Para-QB-Informatica-18x12.jpg 18w\" sizes=\"auto, (max-width: 1000px) 100vw, 1000px\" \/>\t\t\t\t\t\t\t\t<\/a>\n\t\t\t\t\t\t\t\t\t\t\t\t\t\t\t<\/div>\n\t\t\t\t<\/div>\n\t\t\t\t\t<\/div>\n\t\t<\/div>\n\t\t\t\t<div class=\"elementor-column elementor-col-25 elementor-top-column elementor-element elementor-element-57d3748\" data-id=\"57d3748\" data-element_type=\"column\">\n\t\t\t<div class=\"elementor-widget-wrap elementor-element-populated\">\n\t\t\t\t\t\t\t\t<div class=\"elementor-element elementor-element-0a6c08a elementor-widget elementor-widget-heading\" data-id=\"0a6c08a\" data-element_type=\"widget\" data-widget_type=\"heading.default\">\n\t\t\t\t<div class=\"elementor-widget-container\">\n\t\t\t<h4 class=\"elementor-heading-title elementor-size-default\"><a href=\"https:\/\/qbinformatica.com\/ca\/2023\/02\/14\/los-mejores-hostings-para-el-sitio-web-de-tu-empresa\/\">Los mejores hostings para el sitio web de tu empresa<\/a><\/h4>\t\t<\/div>\n\t\t\t\t<\/div>\n\t\t\t\t<div class=\"elementor-element elementor-element-058cd28 elementor-widget elementor-widget-image\" data-id=\"058cd28\" data-element_type=\"widget\" data-widget_type=\"image.default\">\n\t\t\t\t<div class=\"elementor-widget-container\">\n\t\t\t\t\t\t\t\t\t\t\t\t\t\t\t\t<a href=\"https:\/\/qbinformatica.com\/ca\/2023\/02\/14\/los-mejores-hostings-para-el-sitio-web-de-tu-empresa\/\">\n\t\t\t\t\t\t\t<img loading=\"lazy\" decoding=\"async\" width=\"1000\" height=\"600\" src=\"https:\/\/qbinformatica.com\/wp-content\/uploads\/2023\/02\/Los-mejores-hostings-para-el-sitio-web-de-tu-empresa-para-QB-Informatica.jpg\" class=\"attachment-large size-large\" alt=\"\" srcset=\"https:\/\/qbinformatica.com\/wp-content\/uploads\/2023\/02\/Los-mejores-hostings-para-el-sitio-web-de-tu-empresa-para-QB-Informatica.jpg 1000w, https:\/\/qbinformatica.com\/wp-content\/uploads\/2023\/02\/Los-mejores-hostings-para-el-sitio-web-de-tu-empresa-para-QB-Informatica-300x180.jpg 300w, https:\/\/qbinformatica.com\/wp-content\/uploads\/2023\/02\/Los-mejores-hostings-para-el-sitio-web-de-tu-empresa-para-QB-Informatica-768x461.jpg 768w, https:\/\/qbinformatica.com\/wp-content\/uploads\/2023\/02\/Los-mejores-hostings-para-el-sitio-web-de-tu-empresa-para-QB-Informatica-18x12.jpg 18w\" sizes=\"auto, (max-width: 1000px) 100vw, 1000px\" \/>\t\t\t\t\t\t\t\t<\/a>\n\t\t\t\t\t\t\t\t\t\t\t\t\t\t\t<\/div>\n\t\t\t\t<\/div>\n\t\t\t\t\t<\/div>\n\t\t<\/div>\n\t\t\t\t<div class=\"elementor-column elementor-col-25 elementor-top-column elementor-element elementor-element-f373553\" data-id=\"f373553\" data-element_type=\"column\">\n\t\t\t<div class=\"elementor-widget-wrap elementor-element-populated\">\n\t\t\t\t\t\t\t\t<div class=\"elementor-element elementor-element-9d46552 elementor-widget elementor-widget-heading\" data-id=\"9d46552\" data-element_type=\"widget\" data-widget_type=\"heading.default\">\n\t\t\t\t<div class=\"elementor-widget-container\">\n\t\t\t<h4 class=\"elementor-heading-title elementor-size-default\"><a href=\"https:\/\/qbinformatica.com\/ca\/2023\/02\/21\/el-renting-informatico-una-solucion-para-tu-empresa\/\">El renting inform\u00e1tico, una soluci\u00f3n para tu empresa<\/a><\/h4>\t\t<\/div>\n\t\t\t\t<\/div>\n\t\t\t\t<div class=\"elementor-element elementor-element-40910fb elementor-widget elementor-widget-image\" data-id=\"40910fb\" data-element_type=\"widget\" data-widget_type=\"image.default\">\n\t\t\t\t<div class=\"elementor-widget-container\">\n\t\t\t\t\t\t\t\t\t\t\t\t\t\t\t\t<a href=\"https:\/\/qbinformatica.com\/ca\/2023\/02\/21\/el-renting-informatico-una-solucion-para-tu-empresa\/\">\n\t\t\t\t\t\t\t<img loading=\"lazy\" decoding=\"async\" width=\"1000\" height=\"600\" src=\"https:\/\/qbinformatica.com\/wp-content\/uploads\/2023\/02\/El-renting-informatico-una-solucion-para-tu-empresa-Para-QB-Informatica.jpg\" class=\"attachment-large size-large\" alt=\"\" srcset=\"https:\/\/qbinformatica.com\/wp-content\/uploads\/2023\/02\/El-renting-informatico-una-solucion-para-tu-empresa-Para-QB-Informatica.jpg 1000w, https:\/\/qbinformatica.com\/wp-content\/uploads\/2023\/02\/El-renting-informatico-una-solucion-para-tu-empresa-Para-QB-Informatica-300x180.jpg 300w, https:\/\/qbinformatica.com\/wp-content\/uploads\/2023\/02\/El-renting-informatico-una-solucion-para-tu-empresa-Para-QB-Informatica-768x461.jpg 768w, https:\/\/qbinformatica.com\/wp-content\/uploads\/2023\/02\/El-renting-informatico-una-solucion-para-tu-empresa-Para-QB-Informatica-18x12.jpg 18w\" sizes=\"auto, (max-width: 1000px) 100vw, 1000px\" \/>\t\t\t\t\t\t\t\t<\/a>\n\t\t\t\t\t\t\t\t\t\t\t\t\t\t\t<\/div>\n\t\t\t\t<\/div>\n\t\t\t\t\t<\/div>\n\t\t<\/div>\n\t\t\t\t<div class=\"elementor-column elementor-col-25 elementor-top-column elementor-element elementor-element-64910df\" data-id=\"64910df\" data-element_type=\"column\">\n\t\t\t<div class=\"elementor-widget-wrap elementor-element-populated\">\n\t\t\t\t\t\t\t\t<div class=\"elementor-element elementor-element-4ffaaf8 elementor-widget elementor-widget-heading\" data-id=\"4ffaaf8\" data-element_type=\"widget\" data-widget_type=\"heading.default\">\n\t\t\t\t<div class=\"elementor-widget-container\">\n\t\t\t<h4 class=\"elementor-heading-title elementor-size-default\"><a href=\"https:\/\/qbinformatica.com\/ca\/2023\/02\/26\/ventajas-de-contar-con-un-chatbot-en-tu-pagina-web\/\">Ventajas De Contar Con Un Chatbot En Tu P\u00e1gina Web<\/a><\/h4>\t\t<\/div>\n\t\t\t\t<\/div>\n\t\t\t\t<div class=\"elementor-element elementor-element-799affe elementor-widget elementor-widget-image\" data-id=\"799affe\" data-element_type=\"widget\" data-widget_type=\"image.default\">\n\t\t\t\t<div class=\"elementor-widget-container\">\n\t\t\t\t\t\t\t\t\t\t\t\t\t\t\t\t<a href=\"https:\/\/qbinformatica.com\/ca\/2023\/02\/26\/ventajas-de-contar-con-un-chatbot-en-tu-pagina-web\/\">\n\t\t\t\t\t\t\t<img loading=\"lazy\" decoding=\"async\" width=\"1024\" height=\"724\" src=\"https:\/\/qbinformatica.com\/wp-content\/uploads\/2023\/02\/robot-gba172eabd_1280-1024x724.jpg\" class=\"attachment-large size-large\" alt=\"\" srcset=\"https:\/\/qbinformatica.com\/wp-content\/uploads\/2023\/02\/robot-gba172eabd_1280-1024x724.jpg 1024w, https:\/\/qbinformatica.com\/wp-content\/uploads\/2023\/02\/robot-gba172eabd_1280-300x212.jpg 300w, https:\/\/qbinformatica.com\/wp-content\/uploads\/2023\/02\/robot-gba172eabd_1280-768x543.jpg 768w, https:\/\/qbinformatica.com\/wp-content\/uploads\/2023\/02\/robot-gba172eabd_1280-18x12.jpg 18w, https:\/\/qbinformatica.com\/wp-content\/uploads\/2023\/02\/robot-gba172eabd_1280.jpg 1280w\" sizes=\"auto, (max-width: 1024px) 100vw, 1024px\" \/>\t\t\t\t\t\t\t\t<\/a>\n\t\t\t\t\t\t\t\t\t\t\t\t\t\t\t<\/div>\n\t\t\t\t<\/div>\n\t\t\t\t\t<\/div>\n\t\t<\/div>\n\t\t\t\t\t\t\t<\/div>\n\t\t<\/section>\n\t\t\t\t<section class=\"elementor-section elementor-top-section elementor-element elementor-element-10681d0 elementor-section-boxed elementor-section-height-default elementor-section-height-default\" data-id=\"10681d0\" data-element_type=\"section\">\n\t\t\t\t\t\t<div class=\"elementor-container elementor-column-gap-default\">\n\t\t\t\t\t<div class=\"elementor-column elementor-col-25 elementor-top-column elementor-element elementor-element-b23601d\" data-id=\"b23601d\" data-element_type=\"column\">\n\t\t\t<div class=\"elementor-widget-wrap elementor-element-populated\">\n\t\t\t\t\t\t\t\t<div class=\"elementor-element elementor-element-abe4859 elementor-widget elementor-widget-heading\" data-id=\"abe4859\" data-element_type=\"widget\" data-widget_type=\"heading.default\">\n\t\t\t\t<div class=\"elementor-widget-container\">\n\t\t\t<h4 class=\"elementor-heading-title elementor-size-default\"><a href=\"https:\/\/qbinformatica.com\/ca\/2023\/03\/07\/la-asistencia-informatica-remota-asi-funciona\/\">La Asistencia Inform\u00e1tica Remota, As\u00ed Funciona<\/a><\/h4>\t\t<\/div>\n\t\t\t\t<\/div>\n\t\t\t\t<div class=\"elementor-element elementor-element-91d1c2d elementor-widget elementor-widget-image\" data-id=\"91d1c2d\" data-element_type=\"widget\" data-widget_type=\"image.default\">\n\t\t\t\t<div class=\"elementor-widget-container\">\n\t\t\t\t\t\t\t\t\t\t\t\t\t\t\t\t<a href=\"https:\/\/qbinformatica.com\/ca\/2023\/03\/07\/la-asistencia-informatica-remota-asi-funciona\/\">\n\t\t\t\t\t\t\t<img loading=\"lazy\" decoding=\"async\" width=\"1000\" height=\"600\" src=\"https:\/\/qbinformatica.com\/wp-content\/uploads\/2023\/03\/La-asistencia-informatica-remota-asi-funciona-Para-QB-Informatica.jpg\" class=\"attachment-large size-large\" alt=\"\" srcset=\"https:\/\/qbinformatica.com\/wp-content\/uploads\/2023\/03\/La-asistencia-informatica-remota-asi-funciona-Para-QB-Informatica.jpg 1000w, https:\/\/qbinformatica.com\/wp-content\/uploads\/2023\/03\/La-asistencia-informatica-remota-asi-funciona-Para-QB-Informatica-300x180.jpg 300w, https:\/\/qbinformatica.com\/wp-content\/uploads\/2023\/03\/La-asistencia-informatica-remota-asi-funciona-Para-QB-Informatica-768x461.jpg 768w, https:\/\/qbinformatica.com\/wp-content\/uploads\/2023\/03\/La-asistencia-informatica-remota-asi-funciona-Para-QB-Informatica-18x12.jpg 18w\" sizes=\"auto, (max-width: 1000px) 100vw, 1000px\" \/>\t\t\t\t\t\t\t\t<\/a>\n\t\t\t\t\t\t\t\t\t\t\t\t\t\t\t<\/div>\n\t\t\t\t<\/div>\n\t\t\t\t\t<\/div>\n\t\t<\/div>\n\t\t\t\t<div class=\"elementor-column elementor-col-25 elementor-top-column elementor-element elementor-element-1b0eb59\" data-id=\"1b0eb59\" data-element_type=\"column\">\n\t\t\t<div class=\"elementor-widget-wrap elementor-element-populated\">\n\t\t\t\t\t\t\t\t<div class=\"elementor-element elementor-element-328c70b elementor-widget elementor-widget-heading\" data-id=\"328c70b\" data-element_type=\"widget\" data-widget_type=\"heading.default\">\n\t\t\t\t<div class=\"elementor-widget-container\">\n\t\t\t<h4 class=\"elementor-heading-title elementor-size-default\"><a href=\"https:\/\/qbinformatica.com\/ca\/2023\/03\/14\/que-es-el-renting-informatico-y-que-beneficios-aporta-a-tu-empresa\/\">\u00bfQu\u00e9 es el renting inform\u00e1tico y qu\u00e9 beneficios aporta a tu empresa?<\/a><\/h4>\t\t<\/div>\n\t\t\t\t<\/div>\n\t\t\t\t<div class=\"elementor-element elementor-element-d2c3fd4 elementor-widget elementor-widget-image\" data-id=\"d2c3fd4\" data-element_type=\"widget\" data-widget_type=\"image.default\">\n\t\t\t\t<div class=\"elementor-widget-container\">\n\t\t\t\t\t\t\t\t\t\t\t\t\t\t\t\t<a href=\"https:\/\/qbinformatica.com\/ca\/2023\/03\/14\/que-es-el-renting-informatico-y-que-beneficios-aporta-a-tu-empresa\/\">\n\t\t\t\t\t\t\t<img loading=\"lazy\" decoding=\"async\" width=\"1000\" height=\"600\" src=\"https:\/\/qbinformatica.com\/wp-content\/uploads\/2023\/03\/Que-es-el-renting-informatico-y-que-beneficios-aporta-a-tu-empresa-para-QB-Informatica.jpg\" class=\"attachment-large size-large\" alt=\"\" srcset=\"https:\/\/qbinformatica.com\/wp-content\/uploads\/2023\/03\/Que-es-el-renting-informatico-y-que-beneficios-aporta-a-tu-empresa-para-QB-Informatica.jpg 1000w, https:\/\/qbinformatica.com\/wp-content\/uploads\/2023\/03\/Que-es-el-renting-informatico-y-que-beneficios-aporta-a-tu-empresa-para-QB-Informatica-300x180.jpg 300w, https:\/\/qbinformatica.com\/wp-content\/uploads\/2023\/03\/Que-es-el-renting-informatico-y-que-beneficios-aporta-a-tu-empresa-para-QB-Informatica-768x461.jpg 768w, https:\/\/qbinformatica.com\/wp-content\/uploads\/2023\/03\/Que-es-el-renting-informatico-y-que-beneficios-aporta-a-tu-empresa-para-QB-Informatica-18x12.jpg 18w\" sizes=\"auto, (max-width: 1000px) 100vw, 1000px\" \/>\t\t\t\t\t\t\t\t<\/a>\n\t\t\t\t\t\t\t\t\t\t\t\t\t\t\t<\/div>\n\t\t\t\t<\/div>\n\t\t\t\t\t<\/div>\n\t\t<\/div>\n\t\t\t\t<div class=\"elementor-column elementor-col-25 elementor-top-column elementor-element elementor-element-441b02f\" data-id=\"441b02f\" data-element_type=\"column\">\n\t\t\t<div class=\"elementor-widget-wrap elementor-element-populated\">\n\t\t\t\t\t\t\t\t<div class=\"elementor-element elementor-element-91074d9 elementor-widget elementor-widget-heading\" data-id=\"91074d9\" data-element_type=\"widget\" data-widget_type=\"heading.default\">\n\t\t\t\t<div class=\"elementor-widget-container\">\n\t\t\t<h4 class=\"elementor-heading-title elementor-size-default\"><a href=\"https:\/\/qbinformatica.com\/ca\/2023\/03\/21\/redes-sociales-pros-y-contras-de-las-mas-conocidas\/\">Redes sociales: pros y contras de las m\u00e1s conocidas<\/a><\/h4>\t\t<\/div>\n\t\t\t\t<\/div>\n\t\t\t\t<div class=\"elementor-element elementor-element-9f24c97 elementor-widget elementor-widget-image\" data-id=\"9f24c97\" data-element_type=\"widget\" data-widget_type=\"image.default\">\n\t\t\t\t<div class=\"elementor-widget-container\">\n\t\t\t\t\t\t\t\t\t\t\t\t\t\t\t<img loading=\"lazy\" decoding=\"async\" width=\"1000\" height=\"600\" src=\"https:\/\/qbinformatica.com\/wp-content\/uploads\/2023\/03\/Redes-sociales.-Pros-y-contras-de-las-mas-conocidas-Para-QB-Informatica.jpg\" class=\"attachment-large size-large\" alt=\"\" srcset=\"https:\/\/qbinformatica.com\/wp-content\/uploads\/2023\/03\/Redes-sociales.-Pros-y-contras-de-las-mas-conocidas-Para-QB-Informatica.jpg 1000w, https:\/\/qbinformatica.com\/wp-content\/uploads\/2023\/03\/Redes-sociales.-Pros-y-contras-de-las-mas-conocidas-Para-QB-Informatica-300x180.jpg 300w, https:\/\/qbinformatica.com\/wp-content\/uploads\/2023\/03\/Redes-sociales.-Pros-y-contras-de-las-mas-conocidas-Para-QB-Informatica-768x461.jpg 768w, https:\/\/qbinformatica.com\/wp-content\/uploads\/2023\/03\/Redes-sociales.-Pros-y-contras-de-las-mas-conocidas-Para-QB-Informatica-18x12.jpg 18w\" sizes=\"auto, (max-width: 1000px) 100vw, 1000px\" \/>\t\t\t\t\t\t\t\t\t\t\t\t\t\t\t<\/div>\n\t\t\t\t<\/div>\n\t\t\t\t\t<\/div>\n\t\t<\/div>\n\t\t\t\t<div class=\"elementor-column elementor-col-25 elementor-top-column elementor-element elementor-element-6fb5175\" data-id=\"6fb5175\" data-element_type=\"column\">\n\t\t\t<div class=\"elementor-widget-wrap elementor-element-populated\">\n\t\t\t\t\t\t\t\t<div class=\"elementor-element elementor-element-68c3c5c elementor-widget elementor-widget-heading\" data-id=\"68c3c5c\" data-element_type=\"widget\" data-widget_type=\"heading.default\">\n\t\t\t\t<div class=\"elementor-widget-container\">\n\t\t\t<h4 class=\"elementor-heading-title elementor-size-default\"><a href=\"https:\/\/qbinformatica.com\/ca\/2023\/03\/28\/los-problemas-mas-comunes-de-windows-10-y-como-solucionarlos\/\">Los problemas m\u00e1s comunes de Windows 10 y c\u00f3mo solucionarlos<\/a><\/h4>\t\t<\/div>\n\t\t\t\t<\/div>\n\t\t\t\t<div class=\"elementor-element elementor-element-11b892f elementor-widget elementor-widget-image\" data-id=\"11b892f\" data-element_type=\"widget\" data-widget_type=\"image.default\">\n\t\t\t\t<div class=\"elementor-widget-container\">\n\t\t\t\t\t\t\t\t\t\t\t\t\t\t\t\t<a href=\"https:\/\/qbinformatica.com\/ca\/2023\/03\/28\/los-problemas-mas-comunes-de-windows-10-y-como-solucionarlos\/\">\n\t\t\t\t\t\t\t<img loading=\"lazy\" decoding=\"async\" width=\"1000\" height=\"600\" src=\"https:\/\/qbinformatica.com\/wp-content\/uploads\/2023\/03\/Los-problemas-mas-comunes-de-Windows-10-y-como-solucionarlos-para-QB-Informatica.jpg\" class=\"attachment-large size-large\" alt=\"\" srcset=\"https:\/\/qbinformatica.com\/wp-content\/uploads\/2023\/03\/Los-problemas-mas-comunes-de-Windows-10-y-como-solucionarlos-para-QB-Informatica.jpg 1000w, https:\/\/qbinformatica.com\/wp-content\/uploads\/2023\/03\/Los-problemas-mas-comunes-de-Windows-10-y-como-solucionarlos-para-QB-Informatica-300x180.jpg 300w, https:\/\/qbinformatica.com\/wp-content\/uploads\/2023\/03\/Los-problemas-mas-comunes-de-Windows-10-y-como-solucionarlos-para-QB-Informatica-768x461.jpg 768w, https:\/\/qbinformatica.com\/wp-content\/uploads\/2023\/03\/Los-problemas-mas-comunes-de-Windows-10-y-como-solucionarlos-para-QB-Informatica-18x12.jpg 18w\" sizes=\"auto, (max-width: 1000px) 100vw, 1000px\" \/>\t\t\t\t\t\t\t\t<\/a>\n\t\t\t\t\t\t\t\t\t\t\t\t\t\t\t<\/div>\n\t\t\t\t<\/div>\n\t\t\t\t\t<\/div>\n\t\t<\/div>\n\t\t\t\t\t\t\t<\/div>\n\t\t<\/section>\n\t\t\t\t<section class=\"elementor-section elementor-top-section elementor-element elementor-element-8e2c852 elementor-section-boxed elementor-section-height-default elementor-section-height-default\" data-id=\"8e2c852\" data-element_type=\"section\">\n\t\t\t\t\t\t<div class=\"elementor-container elementor-column-gap-default\">\n\t\t\t\t\t<div class=\"elementor-column elementor-col-25 elementor-top-column elementor-element elementor-element-37f1b05\" data-id=\"37f1b05\" data-element_type=\"column\">\n\t\t\t<div class=\"elementor-widget-wrap\">\n\t\t\t\t\t\t\t\t\t<\/div>\n\t\t<\/div>\n\t\t\t\t<div class=\"elementor-column elementor-col-25 elementor-top-column elementor-element elementor-element-15b63a0\" data-id=\"15b63a0\" data-element_type=\"column\">\n\t\t\t<div class=\"elementor-widget-wrap\">\n\t\t\t\t\t\t\t\t\t<\/div>\n\t\t<\/div>\n\t\t\t\t<div class=\"elementor-column elementor-col-25 elementor-top-column elementor-element elementor-element-f01133e\" data-id=\"f01133e\" data-element_type=\"column\">\n\t\t\t<div class=\"elementor-widget-wrap\">\n\t\t\t\t\t\t\t\t\t<\/div>\n\t\t<\/div>\n\t\t\t\t<div class=\"elementor-column elementor-col-25 elementor-top-column elementor-element elementor-element-d9999fa\" data-id=\"d9999fa\" data-element_type=\"column\">\n\t\t\t<div class=\"elementor-widget-wrap\">\n\t\t\t\t\t\t\t\t\t<\/div>\n\t\t<\/div>\n\t\t\t\t\t\t\t<\/div>\n\t\t<\/section>\n\t\t\t\t<section class=\"elementor-section elementor-top-section elementor-element elementor-element-ddfd7b5 elementor-section-boxed elementor-section-height-default elementor-section-height-default\" data-id=\"ddfd7b5\" data-element_type=\"section\">\n\t\t\t\t\t\t<div class=\"elementor-container elementor-column-gap-default\">\n\t\t\t\t\t<div class=\"elementor-column elementor-col-25 elementor-top-column elementor-element elementor-element-eef8645\" data-id=\"eef8645\" data-element_type=\"column\">\n\t\t\t<div class=\"elementor-widget-wrap\">\n\t\t\t\t\t\t\t\t\t<\/div>\n\t\t<\/div>\n\t\t\t\t<div class=\"elementor-column elementor-col-25 elementor-top-column elementor-element elementor-element-c513cb1\" data-id=\"c513cb1\" data-element_type=\"column\">\n\t\t\t<div class=\"elementor-widget-wrap\">\n\t\t\t\t\t\t\t\t\t<\/div>\n\t\t<\/div>\n\t\t\t\t<div class=\"elementor-column elementor-col-25 elementor-top-column elementor-element elementor-element-24b972f\" data-id=\"24b972f\" data-element_type=\"column\">\n\t\t\t<div class=\"elementor-widget-wrap\">\n\t\t\t\t\t\t\t\t\t<\/div>\n\t\t<\/div>\n\t\t\t\t<div class=\"elementor-column elementor-col-25 elementor-top-column elementor-element elementor-element-0e03836\" data-id=\"0e03836\" data-element_type=\"column\">\n\t\t\t<div class=\"elementor-widget-wrap\">\n\t\t\t\t\t\t\t\t\t<\/div>\n\t\t<\/div>\n\t\t\t\t\t\t\t<\/div>\n\t\t<\/section>\n\t\t\t\t<section class=\"elementor-section elementor-top-section elementor-element elementor-element-6b4543d elementor-section-boxed elementor-section-height-default elementor-section-height-default\" data-id=\"6b4543d\" data-element_type=\"section\">\n\t\t\t\t\t\t<div class=\"elementor-container elementor-column-gap-default\">\n\t\t\t\t\t<div class=\"elementor-column elementor-col-25 elementor-top-column elementor-element elementor-element-0e8aa22\" data-id=\"0e8aa22\" data-element_type=\"column\">\n\t\t\t<div class=\"elementor-widget-wrap\">\n\t\t\t\t\t\t\t\t\t<\/div>\n\t\t<\/div>\n\t\t\t\t<div class=\"elementor-column elementor-col-25 elementor-top-column elementor-element elementor-element-cbcb880\" data-id=\"cbcb880\" data-element_type=\"column\">\n\t\t\t<div class=\"elementor-widget-wrap\">\n\t\t\t\t\t\t\t\t\t<\/div>\n\t\t<\/div>\n\t\t\t\t<div class=\"elementor-column elementor-col-25 elementor-top-column elementor-element elementor-element-d3b251d\" data-id=\"d3b251d\" data-element_type=\"column\">\n\t\t\t<div class=\"elementor-widget-wrap\">\n\t\t\t\t\t\t\t\t\t<\/div>\n\t\t<\/div>\n\t\t\t\t<div class=\"elementor-column elementor-col-25 elementor-top-column elementor-element elementor-element-088863a\" data-id=\"088863a\" data-element_type=\"column\">\n\t\t\t<div class=\"elementor-widget-wrap\">\n\t\t\t\t\t\t\t\t\t<\/div>\n\t\t<\/div>\n\t\t\t\t\t\t\t<\/div>\n\t\t<\/section>\n\t\t\t\t\t\t\t<\/div>","protected":false},"excerpt":{"rendered":"<p>Nuestro Blog \u00bfPor qu\u00e9 comprar un MAC si te lo podemos reparar? Los mejores hostings para el sitio web de tu empresa El renting inform\u00e1tico, una soluci\u00f3n para tu empresa Ventajas De Contar Con Un Chatbot En Tu P\u00e1gina Web La Asistencia Inform\u00e1tica Remota, As\u00ed Funciona \u00bfQu\u00e9 es el renting inform\u00e1tico y qu\u00e9 beneficios aporta &hellip;<\/p>\n<p class=\"read-more\"> <a class=\"\" href=\"https:\/\/qbinformatica.com\/ca\/blog\/\"> <span class=\"screen-reader-text\">El Nostre Blog<\/span> Llegeix m\u00e9s &raquo;<\/a><\/p>","protected":false},"author":4,"featured_media":0,"parent":0,"menu_order":0,"comment_status":"closed","ping_status":"closed","template":"","meta":{"site-sidebar-layout":"no-sidebar","site-content-layout":"page-builder","ast-main-header-display":"","ast-hfb-above-header-display":"","ast-hfb-below-header-display":"","ast-hfb-mobile-header-display":"","site-post-title":"disabled","ast-breadcrumbs-content":"","ast-featured-img":"","footer-sml-layout":"","theme-transparent-header-meta":"enabled","adv-header-id-meta":"","stick-header-meta":"","header-above-stick-meta":"","header-main-stick-meta":"","header-below-stick-meta":"","footnotes":""},"class_list":["post-1127","page","type-page","status-publish","hentry"],"_links":{"self":[{"href":"https:\/\/qbinformatica.com\/ca\/wp-json\/wp\/v2\/pages\/1127","targetHints":{"allow":["GET"]}}],"collection":[{"href":"https:\/\/qbinformatica.com\/ca\/wp-json\/wp\/v2\/pages"}],"about":[{"href":"https:\/\/qbinformatica.com\/ca\/wp-json\/wp\/v2\/types\/page"}],"author":[{"embeddable":true,"href":"https:\/\/qbinformatica.com\/ca\/wp-json\/wp\/v2\/users\/4"}],"replies":[{"embeddable":true,"href":"https:\/\/qbinformatica.com\/ca\/wp-json\/wp\/v2\/comments?post=1127"}],"version-history":[{"count":127,"href":"https:\/\/qbinformatica.com\/ca\/wp-json\/wp\/v2\/pages\/1127\/revisions"}],"predecessor-version":[{"id":1583,"href":"https:\/\/qbinformatica.com\/ca\/wp-json\/wp\/v2\/pages\/1127\/revisions\/1583"}],"wp:attachment":[{"href":"https:\/\/qbinformatica.com\/ca\/wp-json\/wp\/v2\/media?parent=1127"}],"curies":[{"name":"wp","href":"https:\/\/api.w.org\/{rel}","templated":true}]}}